{"id":65,"date":"2009-10-28T14:40:53","date_gmt":"2009-10-28T13:40:53","guid":{"rendered":"http:\/\/www.naoth.de\/?page_id=65"},"modified":"2014-07-11T16:35:17","modified_gmt":"2014-07-11T14:35:17","slug":"warum-fussball","status":"publish","type":"page","link":"https:\/\/www.naoteamhumboldt.de\/de\/team\/warum-fussball\/","title":{"rendered":"Warum Fu\u00dfball?"},"content":{"rendered":"14. Mai 2051: Das Stadion tobt &#8211; durch einen schnellen Doppelpass in der 89. Minute gewinnt das gegnerische Team mit 2:1. Das erste Mal in der Geschichte des Fussballs hat ein Roboter-Team die amtierenden Weltmeister besiegt.\r\n\r\nDass dieses Ereignis, das heute wie ungewohnte Science Fiction klingt, tats\u00e4chlich real wird, daran arbeiten seit \u00fcber einem Jahrzehnt Wissenschaftler weltweit. An der Humboldt- Universit\u00e4t forscht seit 1999 ein Team \u00fcber k\u00fcnstliche Fu\u00dfballspieler. Professor Hans-Dieter Burkhard hatte die Gruppe einst ins Leben gerufen, seit einigen Jahren betreut Professor Verena Hafner die Robotertrainer, die von Heinrich Mellmann und Marcus Scheunemann geleitet werden. Zun\u00e4chst nutzte man vierbeinige Roboter-Hunde, den sogenannten Aibos von Sony, mit denen das Team dreimal Roboterfu\u00dfball-Weltmeister wurde. Seit 2008 bilden vier zweibeinige Spieler, \u201eNao\u201c genannt, das Nao-Team Humboldt.\r\n\r\nSie sind knapp 60 Zentimeter gro\u00df und viereinhalb Kilo schwer. Hergestellt von der franz\u00f6sischen Firma Aldebaran, ist der \u201eNao\u201c die technische Plattform f\u00fcr alle Roboter-Teams, die sich in regelm\u00e4ssigen l\u00e4nderbezogenen oder weltweiten Wettk\u00e4mpfen miteinander messen.\r\n\r\nWas auf den ersten Blick wie eine etwas skurrile Spielerei anmutet, ist tats\u00e4chlich ein Sammelbecken verschiedener wissenschaftlicher Problemstellungen aus den Themenbereichen der Robotik und K\u00fcnstlichen Intelligenz. Fussballspielen erfordert etwa Strategieplanung, Koordination der einzelnen Spieler und laufende Interaktion mit einem nicht bekannten Umfeld: Ist der orangene Fleck da nun das Bein eines Zuschauers, oder der Ball? Wer ist Verteidiger, wer versucht den Ball ins gegnerische Tor zu bekommen?\r\n\r\nDie Probleme, die beim Roboterfussball auftreten, gibt es auch in anderen Bereichen. Ob es nun der Industrieroboter ist, der erkennen soll, dass die Schweissnaht fehlerhaft ist, oder in Zukunft die M\u00fcll-Sammel-Roboter, die sich gegenseitig um Unterst\u00fctzung bitten k\u00f6nnen, wenn eine Bushaltestelle verdreckter als angenommen ist &#8211; all das sind Probleme, bei denen in eher spielerischem Umfeld des Roboterfussballs Algorithmen und L\u00f6sungen entwickelt werden, die sp\u00e4ter der Gesellschaft und Industrie zugute kommen.\r\n\r\nDas Nao Team Humboldt besteht zur Zeit aus knapp neun Studenten der Humboldt-Universit\u00e4t mit den Teamleitern Heinrich Mellmann und Marcus Scheunemann. Aktuell bereiten wir uns auf den <a href=\"http:\/\/www.robocup2014.org\/\" title=\"Roboter-Fu\u00dfball-Weltmeisterschaft - Brasilien - 2014\">RoboCup in Brasilien<\/a> vor.","protected":false},"excerpt":{"rendered":"14. Mai 2051: Das Stadion tobt &#8211; durch einen schnellen Doppelpass in der 89. Minute gewinnt das gegnerische Team mit 2:1. Das erste Mal in der Geschichte des Fussballs hat ein Roboter-Team die amtierenden Weltmeister besiegt. Dass dieses Ereignis, das heute wie ungewohnte Science Fiction klingt, tats\u00e4chlich real wird, daran arbeiten seit \u00fcber einem Jahrzehnt [&hellip;]","protected":false},"author":1,"featured_media":0,"parent":72,"menu_order":0,"comment_status":"closed","ping_status":"closed","template":"","meta":{"ngg_post_thumbnail":0},"_links":{"self":[{"href":"https:\/\/www.naoteamhumboldt.de\/de\/wp-json\/wp\/v2\/pages\/65"}],"collection":[{"href":"https:\/\/www.naoteamhumboldt.de\/de\/wp-json\/wp\/v2\/pages"}],"about":[{"href":"https:\/\/www.naoteamhumboldt.de\/de\/wp-json\/wp\/v2\/types\/page"}],"author":[{"embeddable":true,"href":"https:\/\/www.naoteamhumboldt.de\/de\/wp-json\/wp\/v2\/users\/1"}],"replies":[{"embeddable":true,"href":"https:\/\/www.naoteamhumboldt.de\/de\/wp-json\/wp\/v2\/comments?post=65"}],"version-history":[{"count":19,"href":"https:\/\/www.naoteamhumboldt.de\/de\/wp-json\/wp\/v2\/pages\/65\/revisions"}],"predecessor-version":[{"id":2828,"href":"https:\/\/www.naoteamhumboldt.de\/de\/wp-json\/wp\/v2\/pages\/65\/revisions\/2828"}],"up":[{"embeddable":true,"href":"https:\/\/www.naoteamhumboldt.de\/de\/wp-json\/wp\/v2\/pages\/72"}],"wp:attachment":[{"href":"https:\/\/www.naoteamhumboldt.de\/de\/wp-json\/wp\/v2\/media?parent=65"}],"curies":[{"name":"wp","href":"https:\/\/api.w.org\/{rel}","templated":true}]}}