{"id":578,"date":"2010-09-20T12:46:15","date_gmt":"2010-09-20T10:46:15","guid":{"rendered":"http:\/\/www.naoteamhumboldt.de\/"},"modified":"2016-11-13T17:35:18","modified_gmt":"2016-11-13T16:35:18","slug":"join-us","status":"publish","type":"page","link":"https:\/\/www.naoteamhumboldt.de\/de\/team\/join-us\/","title":{"rendered":"Mach mit!"},"content":{"rendered":"<div id=\"attachment_3\" style=\"width: 179px\" class=\"wp-caption alignright\"><a href=\"\/wp-content\/uploads\/2011\/12\/2011_naoth_poster_tuer_A4.pdf\"><img aria-describedby=\"caption-attachment-3\" loading=\"lazy\" class=\"size-full wp-image-3 \" src=\"\/wp-content\/uploads\/2011\/12\/2011_naoth_poster_tuer_A4_thumb.jpg\" alt=\"\" width=\"169\" height=\"240\" \/><\/a><p id=\"caption-attachment-3\" class=\"wp-caption-text\">Poster zum Downloaden<\/p><\/div>\r\n\r\nWir freuen uns immer \u00fcber interessierte Studenten, die unsere Mannschaft verst\u00e4rken m\u00f6chten. Bei uns gibt es die M\u00f6glichkeit Diplom- und Masterarbeiten zu schreiben, ebenso nat\u00fcrlich Studienarbeiten. Dabei bieten wir eine Vielzahl an interessanten Themen, die weit \u00fcber das Themenspektrum der k\u00fcnstlichen Intelligenz hinausreichen.\r\n\r\nHier eine Liste unserer Forschungsgebiete an denen ihr mitwirken k\u00f6nnt:\r\n<ul>\r\n\t<li>Image processing (e.g., object recognition)<\/li>\r\n\t<li>Motion control of humanoid robots (e.g., walk, kick)<\/li>\r\n\t<li>Word-modeling (e.g., self-localization)<\/li>\r\n\t<li>Behavior<\/li>\r\n\t<li>Learning algorithms<\/li>\r\n\t<li>Sensor data processing<\/li>\r\n<\/ul>\r\nWenn ihr Interesse habt, k\u00f6nnt ihr uns gerne direkt im Labor ansprechen (RUD 25, Haus 3, 1. Stock, Raum 110), oder ihr schreibt uns einfach eine E-Mail beziehungsweise ruft uns an. Die aktuellen Kontaktdaten findet ihr auf unserer <a href=\"\/contact\/\">Kontaktseite.<\/a>","protected":false},"excerpt":{"rendered":"Wir freuen uns immer \u00fcber interessierte Studenten, die unsere Mannschaft verst\u00e4rken m\u00f6chten. Bei uns gibt es die M\u00f6glichkeit Diplom- und Masterarbeiten zu schreiben, ebenso nat\u00fcrlich Studienarbeiten. Dabei bieten wir eine Vielzahl an interessanten Themen, die weit \u00fcber das Themenspektrum der k\u00fcnstlichen Intelligenz hinausreichen. Hier eine Liste unserer Forschungsgebiete an denen ihr mitwirken k\u00f6nnt: Image processing [&hellip;]","protected":false},"author":4,"featured_media":0,"parent":72,"menu_order":0,"comment_status":"closed","ping_status":"closed","template":"","meta":{"ngg_post_thumbnail":0},"_links":{"self":[{"href":"https:\/\/www.naoteamhumboldt.de\/de\/wp-json\/wp\/v2\/pages\/578"}],"collection":[{"href":"https:\/\/www.naoteamhumboldt.de\/de\/wp-json\/wp\/v2\/pages"}],"about":[{"href":"https:\/\/www.naoteamhumboldt.de\/de\/wp-json\/wp\/v2\/types\/page"}],"author":[{"embeddable":true,"href":"https:\/\/www.naoteamhumboldt.de\/de\/wp-json\/wp\/v2\/users\/4"}],"replies":[{"embeddable":true,"href":"https:\/\/www.naoteamhumboldt.de\/de\/wp-json\/wp\/v2\/comments?post=578"}],"version-history":[{"count":14,"href":"https:\/\/www.naoteamhumboldt.de\/de\/wp-json\/wp\/v2\/pages\/578\/revisions"}],"predecessor-version":[{"id":3333,"href":"https:\/\/www.naoteamhumboldt.de\/de\/wp-json\/wp\/v2\/pages\/578\/revisions\/3333"}],"up":[{"embeddable":true,"href":"https:\/\/www.naoteamhumboldt.de\/de\/wp-json\/wp\/v2\/pages\/72"}],"wp:attachment":[{"href":"https:\/\/www.naoteamhumboldt.de\/de\/wp-json\/wp\/v2\/media?parent=578"}],"curies":[{"name":"wp","href":"https:\/\/api.w.org\/{rel}","templated":true}]}}