{"id":310,"date":"2010-01-19T22:41:39","date_gmt":"2010-01-19T21:41:39","guid":{"rendered":"http:\/\/www.naoteamhumboldt.de\/?page_id=310"},"modified":"2019-07-23T21:22:10","modified_gmt":"2019-07-23T19:22:10","slug":"projects","status":"publish","type":"page","link":"https:\/\/www.naoteamhumboldt.de\/de\/projects\/","title":{"rendered":"Projekte"},"content":{"rendered":"<h4>RoboCup Data Collection and Evaluation<\/h4>\r\nIn diesem Projekt entwickeln wir eine Toolbox (mehrere Tools) zum sammeln, organisieren und analysieren gro\u00dfer RoboCup-spezifischer Daten, um damit detailierte Analysen mittels &#8220;Data Driven Research und Development&#8221; im RoboCup zu f\u00f6rdern. <a href=\"http:\/\/www.naoteamhumboldt.de\/projects\/robocup-data-collection-and-evaluation\/\">more&#8230;<\/a>\r\n\r\n<h4>Multi-Platform Robot Controller<\/h4>\r\nDas Nao Team Humboldt ist das einzige Team, welches an den Ligen RoboCup Standard Platform (mit echten Robotern) und der RoboCup 3D Simulationsliga mit der gleichen Basiscode teilnimmt.\r\nUmsetzbar ist das mit einem flexiblen Platform- und Modulsystem. <a href=\"http:\/\/www.naoteamhumboldt.de\/projects\/multi-platform-robot-controller\/\">more&#8230; (English)<\/a>\r\n\r\n<h4>RobotControl<\/h4>\r\nRobotControl ist eine javabasierte Anwendung, welche das Debuggen und fernbediente \u00dcberwachen (remote control) von Nao-Robotern erm\u00f6glicht. <a href=\"http:\/\/www.naoteamhumboldt.de\/de\/projects\/robotcontrol\/\" title=\"RobotControl\">mehr&#8230; <\/a>\r\n\r\n<h4>XabslEditor<\/h4>\r\nXabslEditor ist ein \u00f6ffentlich zug\u00e4nglicher Editor f\u00fcr die \u201cExtensible Agent Behavior Specification Language\u201d  XABSL (http:\/\/www.xabsl.de\/). Es ist in java implementiert und sollte auf allen g\u00e4ngigen Platformen (Windows, Linux, Mac, &#8230;) lauff\u00e4hig sein. <a href=\"http:\/\/www.naoteamhumboldt.de\/projects\/xabsleditor\/\">more&#8230; (English)<\/a>\r\n\r\n<h4>RoboNewbie<\/h4>\r\nRoboNewbie bildet einen grundlegenden Rahmen f\u00fcr Experimente mit dem simulierten humanoiden Robotern Nao. Es l\u00e4uft im offiziellen RoboCup 3D-Simulator und ist in JAVA mit detaillierter Dokumentation und Erkl\u00e4rungen implementiert. Das macht es auch f\u00fcr Anf\u00e4nger einfach verst\u00e4ndlich. <a href=\"http:\/\/www.naoteamhumboldt.de\/projects\/RoboNewbie\/\">more&#8230;<\/a>\r\n\r\n<h4>Simple Soccer Agent<\/h4>\r\nDer &#8220;Simple Soccer Agent&#8221; ist eine Beispielanwendung unserer Platformarchitektur f\u00fcr den offiziellen RoboCup 3D Simulator.\r\nDas Programm wurde so minimalistisch wie m\u00f6glich umgesetzt, um einen Einstieg f\u00fcr Neuigierige zur Verf\u00fcgung zu stellen, sowie eine Grundlage f\u00fcr eigene Experimente zu bieten. <a href=\"http:\/\/www.naoteamhumboldt.de\/projects\/simple-soccer-agent\/\">more&#8230; (English)<\/a>","protected":false},"excerpt":{"rendered":"RoboCup Data Collection and Evaluation In diesem Projekt entwickeln wir eine Toolbox (mehrere Tools) zum sammeln, organisieren und analysieren gro\u00dfer RoboCup-spezifischer Daten, um damit detailierte Analysen mittels &#8220;Data Driven Research und Development&#8221; im RoboCup zu f\u00f6rdern. more&#8230; Multi-Platform Robot Controller Das Nao Team Humboldt ist das einzige Team, welches an den Ligen RoboCup Standard Platform [&hellip;]","protected":false},"author":2,"featured_media":0,"parent":0,"menu_order":14,"comment_status":"closed","ping_status":"closed","template":"","meta":{"ngg_post_thumbnail":0},"_links":{"self":[{"href":"https:\/\/www.naoteamhumboldt.de\/de\/wp-json\/wp\/v2\/pages\/310"}],"collection":[{"href":"https:\/\/www.naoteamhumboldt.de\/de\/wp-json\/wp\/v2\/pages"}],"about":[{"href":"https:\/\/www.naoteamhumboldt.de\/de\/wp-json\/wp\/v2\/types\/page"}],"author":[{"embeddable":true,"href":"https:\/\/www.naoteamhumboldt.de\/de\/wp-json\/wp\/v2\/users\/2"}],"replies":[{"embeddable":true,"href":"https:\/\/www.naoteamhumboldt.de\/de\/wp-json\/wp\/v2\/comments?post=310"}],"version-history":[{"count":26,"href":"https:\/\/www.naoteamhumboldt.de\/de\/wp-json\/wp\/v2\/pages\/310\/revisions"}],"predecessor-version":[{"id":4055,"href":"https:\/\/www.naoteamhumboldt.de\/de\/wp-json\/wp\/v2\/pages\/310\/revisions\/4055"}],"wp:attachment":[{"href":"https:\/\/www.naoteamhumboldt.de\/de\/wp-json\/wp\/v2\/media?parent=310"}],"curies":[{"name":"wp","href":"https:\/\/api.w.org\/{rel}","templated":true}]}}