{"id":28,"date":"2009-10-21T15:35:21","date_gmt":"2009-10-21T13:35:21","guid":{"rendered":"http:\/\/www.naoth.de\/?page_id=28"},"modified":"2021-01-26T18:03:45","modified_gmt":"2021-01-26T17:03:45","slug":"contact","status":"publish","type":"page","link":"https:\/\/www.naoteamhumboldt.de\/de\/contact\/","title":{"rendered":"Kontakt"},"content":{"rendered":"<strong>E-Mail:<\/strong> nao-team &lt;at&gt; informatik.hu-berlin.de\r\n<br \/><p><\/p>\r\n\r\n<div style=\"float: right;\"><iframe src=\"http:\/\/maps.google.de\/maps?q=Berlin,+Rudower+Chausssee+25&amp;sll=52.429520,13.530260&amp;hl=de&amp;sspn=0.006295,0.006295&amp;ie=UTF8&amp;hq=&amp;hnear=Rudower+Chaussee+25,+Johannisthal+12489+Berlin&amp;ll=52.429746,13.530951&amp;spn=0.018317,0.047207&amp;z=14&amp;iwloc=A&amp;output=embed\" width=\"320\" height=\"320\" frameborder=\"0\" marginwidth=\"0\" marginheight=\"0\" scrolling=\"no\"><\/iframe>\r\n<br \/><small><a style=\"color: #0000ff; text-align: left;\" href=\"http:\/\/maps.google.de\/maps?q=Berlin,+Rudower+Chausssee+25&amp;sll=52.429520,13.530260&amp;hl=de&amp;sspn=0.006295,0.006295&amp;ie=UTF8&amp;hq=&amp;hnear=Rudower+Chaussee+25,+Johannisthal+12489+Berlin&amp;ll=52.429746,13.530951&amp;spn=0.018317,0.047207&amp;z=14&amp;iwloc=A&amp;source=embed\">Gr\u00f6\u00dfere Kartenansicht<\/a><\/small><\/div>\r\n\r\n<strong>Telefon:<\/strong> +49 (30) 2093 41173\r\n<br \/>\r\n<br \/><strong>Postadresse:<\/strong>\r\n<br \/>Humboldt-Universit\u00e4t zu Berlin\r\n<br \/>Institut f\u00fcr Informatik\r\n<br \/>Adaptive Systeme\r\n<br \/>Unter den Linden 6\r\n<br \/>10099 Berlin (Deutschland)\r\n<br \/>\r\n<br \/><strong>Besucheradresse:<\/strong>\r\n<br \/>12489, Berlin Adlershof\r\n<br \/>Rudower Chaussee 25 (&#8220;RUD 25&#8221;)\r\n<br \/>Johann-von-Neumann-Haus\r\n<br \/>Haus 3, 1.Stock, Raum 110","protected":false},"excerpt":{"rendered":"E-Mail: nao-team &lt;at&gt; informatik.hu-berlin.de Gr\u00f6\u00dfere Kartenansicht Telefon: +49 (30) 2093 41173 Postadresse: Humboldt-Universit\u00e4t zu Berlin Institut f\u00fcr Informatik Adaptive Systeme Unter den Linden 6 10099 Berlin (Deutschland) Besucheradresse: 12489, Berlin Adlershof Rudower Chaussee 25 (&#8220;RUD 25&#8221;) Johann-von-Neumann-Haus Haus 3, 1.Stock, Raum 110","protected":false},"author":1,"featured_media":0,"parent":0,"menu_order":37,"comment_status":"closed","ping_status":"closed","template":"","meta":{"ngg_post_thumbnail":0},"_links":{"self":[{"href":"https:\/\/www.naoteamhumboldt.de\/de\/wp-json\/wp\/v2\/pages\/28"}],"collection":[{"href":"https:\/\/www.naoteamhumboldt.de\/de\/wp-json\/wp\/v2\/pages"}],"about":[{"href":"https:\/\/www.naoteamhumboldt.de\/de\/wp-json\/wp\/v2\/types\/page"}],"author":[{"embeddable":true,"href":"https:\/\/www.naoteamhumboldt.de\/de\/wp-json\/wp\/v2\/users\/1"}],"replies":[{"embeddable":true,"href":"https:\/\/www.naoteamhumboldt.de\/de\/wp-json\/wp\/v2\/comments?post=28"}],"version-history":[{"count":33,"href":"https:\/\/www.naoteamhumboldt.de\/de\/wp-json\/wp\/v2\/pages\/28\/revisions"}],"predecessor-version":[{"id":4173,"href":"https:\/\/www.naoteamhumboldt.de\/de\/wp-json\/wp\/v2\/pages\/28\/revisions\/4173"}],"wp:attachment":[{"href":"https:\/\/www.naoteamhumboldt.de\/de\/wp-json\/wp\/v2\/media?parent=28"}],"curies":[{"name":"wp","href":"https:\/\/api.w.org\/{rel}","templated":true}]}}