{"id":2,"date":"2009-10-02T12:33:54","date_gmt":"2009-10-02T12:33:54","guid":{"rendered":"http:\/\/www.naoth.de\/?page_id=2"},"modified":"2021-04-28T23:22:16","modified_gmt":"2021-04-28T21:22:16","slug":"about","status":"publish","type":"page","link":"https:\/\/www.naoteamhumboldt.de\/de\/","title":{"rendered":""},"content":{"rendered":"<style>\r\n.alert-warning {\r\n    color: #664d03;\r\n    background-color: #fff3cd;\r\n    border-color: #ffecb5;\r\n}\r\n\r\n.alert {\r\n    position: relative;\r\n    padding: 1rem 1rem;\r\n    margin-bottom: 1rem;\r\n    border: 1px solid transparent;\r\n    border-radius: .25rem;\r\n}\r\n\r\n\r\n.alert-warning .alert-link {\r\n    color: #523e02;\r\n    font-weight: bold;\r\n}\r\n<\/style>\r\n\r\n<div class=\"alert alert-warning \">\r\n  <strong>NEWS:<\/strong> Wir ziehen um! Unsere neue Webseite ist hier: <a href=\"https:\/\/berlin-united.org\" class=\"alert-link\">https:\/\/berlin-united.org<\/a>.\r\n<\/div>\r\n\r\n<div id='bx-slider-1' class='bxslider-slider adaptive-height-on '>\n  <div class='bxslider'>\n    <div class='slide'>\n\r\n<img loading=\"lazy\" class=\"alignnone size-large wp-image-3971\" src=\"\/wp-content\/uploads\/2019\/07\/Teamfoto-1-1024x683.jpg\" alt=\"\" width=\"600\" height=\"400\" srcset=\"https:\/\/www.naoteamhumboldt.de\/wp-content\/uploads\/2019\/07\/Teamfoto-1-1024x683.jpg 1024w, https:\/\/www.naoteamhumboldt.de\/wp-content\/uploads\/2019\/07\/Teamfoto-1-300x200.jpg 300w, https:\/\/www.naoteamhumboldt.de\/wp-content\/uploads\/2019\/07\/Teamfoto-1-768x512.jpg 768w\" sizes=\"(max-width: 600px) 100vw, 600px\" \/>\r\nRoboCup 2019, Sydney\/Australien. Von links nach rechts: Benjamin Schlotter, Serra Sinem Karadeniz, Etienne Couque-Castelnovo, Heinrich Mellmann, Robert Martin, Philipp Strobel, Claas-Norman Ritter, Thomas Krause.\r\n    <\/div>\n    <div class='slide'>\n\r\n<img loading=\"lazy\" class=\"alignnone size-large wp-image-3979\" src=\"\/wp-content\/uploads\/2019\/07\/IMG_0756-1024x683.jpg\" alt=\"\" width=\"600\" height=\"400\" srcset=\"https:\/\/www.naoteamhumboldt.de\/wp-content\/uploads\/2019\/07\/IMG_0756-1024x683.jpg 1024w, https:\/\/www.naoteamhumboldt.de\/wp-content\/uploads\/2019\/07\/IMG_0756-300x200.jpg 300w, https:\/\/www.naoteamhumboldt.de\/wp-content\/uploads\/2019\/07\/IMG_0756-768x512.jpg 768w\" sizes=\"(max-width: 600px) 100vw, 600px\" \/>\r\nRoboCup 2019, Sydney\/Australia. Mixed Team B&amp;B nach dem Sieg des Mixed Team Wettbewerbs.\r\n    <\/div>\n    <div class='slide'>\n\r\n<a href=\"\/wp-content\/uploads\/2018\/06\/rc18-berlin-united-happy-tiny.jpg\"><img class=\"size-large wp-image-2586\" src=\"\/wp-content\/uploads\/2018\/06\/rc18-berlin-united-happy-tiny.jpg\" alt=\"Teamfoto RoboCup 2018\" width=\"600\"\/><\/a>\r\nRoboCup 2018, Montreal\/Kanada. Von links nach rechts: Yigit Can Akcay, Markus Daniel Mayer, Heinrich Mellmann (unten), Robert Martin, Benjamin Schlotter, Claas-Norman Ritter, Etienne Couque-Castelnovo, Philipp Strobel (unten), Thomas Krause, Sebastian Allmeier, Steffen Kaden.\r\n    <\/div>\n    <div class='slide'>\n\r\n<a href=\"\/wp-content\/uploads\/2017\/08\/rc17_small.jpg\"><img class=\"size-large wp-image-2586\" src=\"\/wp-content\/uploads\/2017\/08\/rc17_small.jpg\" alt=\"Teamfoto RoboCup 2017\" width=\"600\"\/><\/a>\r\nRoboCup 2017, Nagoya\/Japan. Von links nach rechts: Philipp Strobel, Heinrich Mellmann, Steffen Kaden, Robert Martin, Thomas Krause, Claas-Norman Ritter, Yigit Can Akcay.\r\n    <\/div>\n    <div class='slide'>\n\r\n<a href=\"\/wp-content\/uploads\/2016\/11\/naoth-2016-cut.jpg\"><img src=\"\/wp-content\/uploads\/2016\/11\/naoth-2016-cut.jpg\" alt=\"Teamfoto RoboCup 2016\" width=\"600\"\/><\/a>\r\nRoboCup 2016, Leipzig\/Deutschland. Von links nach rechts: Steffen Kaden, Benjamin Schlotter, Thomas Krause, Peter Woltersdorf, Heinrich Mellmann, Robert Martin, Philipp Strobel. (Claas ist nicht im Bild, weil er da bereits unterwegs nach Cancun zu einer Konferenz ist :)\r\n    <\/div>\n    <div class='slide'>\n\r\n<a href=\"\/wp-content\/uploads\/2016\/12\/DSC00453.jpg\"><img loading=\"lazy\" class=\"size-large wp-image-2586\" src=\"\/wp-content\/uploads\/2016\/12\/DSC00453.jpg\" alt=\"Teamfoto RoboCup 2015\" width=\"600\" height=\"337\"\/><\/a>\r\nOur Team at the RoboCup 2015, Hefei\/China. Von links nach rechts: Christian Blum, Steffen Kaden, Heinrich Mellmann, Thomas Krause, Claas-Norman Ritter.\r\n    <\/div>\n    <div class='slide'>\n\r\n<a href=\"\/wp-content\/uploads\/2019\/07\/rc14-naoth.jpg\"><img class=\"size-large wp-image-2586\" src=\"\/wp-content\/uploads\/2019\/07\/rc14-naoth.jpg\" alt=\"Teamfoto RoboCup 2014\" width=\"600\"\/><\/a>\r\nRoboCup 2014, Jo\u00e3o Pessoa, Brazil. Von links nach rechts: Tobias H\u00fcbner, Benjamin Schlotter, Peter Woltersdorf, Marcus Scheunemann, Claas-Norman Ritter, Heinrich Mellmann.\r\n    <\/div>\n    <div class='slide'>\n\r\n<a href=\"\/wp-content\/uploads\/2009\/10\/DSC02750.jpg\"><img loading=\"lazy\" src=\"\/wp-content\/uploads\/2009\/10\/DSC02750-1024x576.jpg\" alt=\"Teamfoto RoboCup 2013\" width=\"600\" height=\"337\"\/><\/a>RoboCup 2013, Eindhoven\/Niederlande. Von links nach rechts: Prof. Dr. Verena Hafner, Thomas Krause, Marcus Scheunemann, Steffen Kaden, Denis Erfurt, Peter Woltersdorf, Heinrich Mellmann, Tobias H\u00fcbner, Prof. Dr. Hans-Dieter Burkhard.\r\n    <\/div>\n    <div class='slide'>\n\r\n<a href=\"\/wp-content\/uploads\/2018\/07\/rc12_naoth_small.jpg\"><img class=\"size-large wp-image-2586\" src=\"\/wp-content\/uploads\/2018\/07\/rc12_naoth_small.jpg\" alt=\"Teamfoto RoboCup 2012\" width=\"600\"\/><\/a>\r\nRoboCup 2012, Mexico City\/Mexico. Von links nach rechts: Thomas Krause, Heinrich Mellmann, Claas-Norman Ritter, Marcus Scheunemann, Paul Sch\u00fctte.\r\n    <\/div>\n    <div class='slide'>\n\r\n<a href=\"\/wp-content\/uploads\/2019\/08\/rc11-naoth.jpg\"><img class=\"size-large wp-image-2586\" src=\"\/wp-content\/uploads\/2019\/08\/rc11-naoth.jpg\" alt=\"Teamfoto RoboCup 2011\" width=\"600\"\/><\/a>\r\nRoboCup 2011, Istanbul\/T\u00fcrkei. Oben von links nach rechts: \r\nFlorian Holzhauer, Yuan Xu, Paul Sch\u00fctte, Marcus Scheunemann, Dominik Krienelke, Christian Rekittke, Kirill Yasinovskiy, Claas-Norman Ritter. Unten von links nach rechts: Luisa Jahn, Martin Schneider, Heinrich Mellmann, Thomas Krause.\r\n    <\/div>\n  <\/div>\n<\/div>\n\r\n<h4>Warum Roboterfu\u00dfball?<\/h4>\r\nRoboterfu\u00dfball ist eine gro\u00dfe Herausforderung f\u00fcr Wissenschaftler der <em>Robotik<\/em> und <em>K\u00fcnstlichen Intelligenz<\/em>. Es bietet ein Testfeld f\u00fcr den aktuellen Stand der Technik und Wissenschaft. Die Erfolge in diesem Bereich k\u00f6nnen zu L\u00f6sungen von Problemen in einer Vielzahl von Bereichen f\u00fchren. Die Idee des Robotfu\u00dfballs bietet ebenso eine gute Grundlage f\u00fcr Bildung und praktische Ausbildung der Studierenden an der Universit\u00e4t. Dabei sind die Bet\u00e4tigungsfelder sehr weitreichend und facettenreich. <a href=\"http:\/\/www.naoteamhumboldt.de\/about\/warum-fussball\/\">Mehr \u00fcber Roboterfu\u00dfball &gt;&gt;<\/a>\r\n\r\n<div id=\"attachment_3\" style=\"width: 179px\" class=\"wp-caption alignright\"><a title=\"Join us!\" href=\"http:\/\/www.naoteamhumboldt.de\/de\/team\/join-us\/\"><img aria-describedby=\"caption-attachment-3\" loading=\"lazy\" class=\"size-full wp-image-3 \" src=\"\/wp-content\/uploads\/2011\/12\/2011_naoth_poster_tuer_A4_thumb.jpg\" alt=\"\" width=\"169\" height=\"240\"\/><\/a><p id=\"caption-attachment-3\" class=\"wp-caption-text\">Wir suchen engagierte Mitglieder f\u00fcr unser Team. Mach JETZT mit!<\/p><\/div>\r\n<h4>Wer wir sind<\/h4>\r\nDas Nao Team Humboldt nimmt an der internationalen Wettbewerben des RoboCups teils, deren Mittelpunkt der Vergleich und Austausch von kreativen Ideen ist. Diese Wettk\u00e4mpfe werden von der RoboCup-Federation organisiet und von den nationalen Komitees unterst\u00fctzt. Wir sind ein Projekt der Arbeitsgruppe K\u00fcnstliche Intelligenz an der Humboldt-Universit\u00e4t zu Berlin.\r\n<div><a href=\"http:\/\/informatik.hu-berlin.de\/\"><img loading=\"lazy\" class=\"alignleft\" title=\"Institut f\u00fcr Informatik\" src=\"\/wp-content\/images\/head_left_image.jpg\" alt=\"\" width=\"152\" height=\"98\"\/><\/a>\r\n<a href=\"http:\/\/www.hu-berlin.de\/\"><img loading=\"lazy\" class=\"alignright\" title=\"Humboldt Universit\u00e4t zu Berlin\" src=\"\/wp-content\/images\/husiegel_bw.jpg\" alt=\"\" width=\"94\" height=\"94\"\/><\/a><\/div>","protected":false},"excerpt":{"rendered":"NEWS: Wir ziehen um! Unsere neue Webseite ist hier: https:\/\/berlin-united.org. Warum Roboterfu\u00dfball? Roboterfu\u00dfball ist eine gro\u00dfe Herausforderung f\u00fcr Wissenschaftler der Robotik und K\u00fcnstlichen Intelligenz. Es bietet ein Testfeld f\u00fcr den aktuellen Stand der Technik und Wissenschaft. Die Erfolge in diesem Bereich k\u00f6nnen zu L\u00f6sungen von Problemen in einer Vielzahl von Bereichen f\u00fchren. Die Idee des [&hellip;]","protected":false},"author":1,"featured_media":3,"parent":0,"menu_order":0,"comment_status":"closed","ping_status":"closed","template":"","meta":{"ngg_post_thumbnail":0},"_links":{"self":[{"href":"https:\/\/www.naoteamhumboldt.de\/de\/wp-json\/wp\/v2\/pages\/2"}],"collection":[{"href":"https:\/\/www.naoteamhumboldt.de\/de\/wp-json\/wp\/v2\/pages"}],"about":[{"href":"https:\/\/www.naoteamhumboldt.de\/de\/wp-json\/wp\/v2\/types\/page"}],"author":[{"embeddable":true,"href":"https:\/\/www.naoteamhumboldt.de\/de\/wp-json\/wp\/v2\/users\/1"}],"replies":[{"embeddable":true,"href":"https:\/\/www.naoteamhumboldt.de\/de\/wp-json\/wp\/v2\/comments?post=2"}],"version-history":[{"count":114,"href":"https:\/\/www.naoteamhumboldt.de\/de\/wp-json\/wp\/v2\/pages\/2\/revisions"}],"predecessor-version":[{"id":4186,"href":"https:\/\/www.naoteamhumboldt.de\/de\/wp-json\/wp\/v2\/pages\/2\/revisions\/4186"}],"wp:featuredmedia":[{"embeddable":true,"href":"https:\/\/www.naoteamhumboldt.de\/de\/wp-json\/wp\/v2\/media\/3"}],"wp:attachment":[{"href":"https:\/\/www.naoteamhumboldt.de\/de\/wp-json\/wp\/v2\/media?parent=2"}],"curies":[{"name":"wp","href":"https:\/\/api.w.org\/{rel}","templated":true}]}}