{"id":1240,"date":"2011-02-22T12:34:52","date_gmt":"2011-02-22T11:34:52","guid":{"rendered":"http:\/\/www.naoteamhumboldt.de\/"},"modified":"2018-04-12T17:32:40","modified_gmt":"2018-04-12T15:32:40","slug":"sponsors","status":"publish","type":"page","link":"https:\/\/www.naoteamhumboldt.de\/de\/sponsors\/","title":{"rendered":"Unterst\u00fctzer"},"content":{"rendered":"<table class=\"sponsor\">\r\n<tbody>\r\n<tr>\r\n<td><a href=\"http:\/\/www.engineering-people.de\/\" target=\"_blank\" rel=\"noopener\"><img loading=\"lazy\" class=\"alignnone wp-image-3744 size-medium\" src=\"https:\/\/www.naoteamhumboldt.de\/wp-content\/uploads\/2011\/02\/ep_ab-20-mm_positiv_1-300x244.jpg\" alt=\"\" width=\"300\" height=\"244\" srcset=\"https:\/\/www.naoteamhumboldt.de\/wp-content\/uploads\/2011\/02\/ep_ab-20-mm_positiv_1-300x244.jpg 300w, https:\/\/www.naoteamhumboldt.de\/wp-content\/uploads\/2011\/02\/ep_ab-20-mm_positiv_1-768x625.jpg 768w, https:\/\/www.naoteamhumboldt.de\/wp-content\/uploads\/2011\/02\/ep_ab-20-mm_positiv_1.jpg 1000w\" sizes=\"(max-width: 300px) 100vw, 300px\" \/><\/a><\/td>\r\n<td><p>Die engineering people group ist Engineering- und IT-Partner leistungsf\u00e4higer Industrieunternehmen und Karrierepartner von \u00fcber 450 Mitarbeiter\/-innen an 14 Standorten. F\u00fchrende Hersteller profitieren mit ep \u2013 vor Ort und inhouse in den ep Competence Centern. Weiterbildung, Flexibilit\u00e4t, Wirtschaftlichkeit, Verantwortung und Wertsch\u00e4tzung pr\u00e4gen die ep Philosophie.<\/p>\r\n\r\n<p>engineering people. supporting experts.<\/p>\r\n\r\n<div><a href=\"http:\/\/www.engineering-people.de\">www.engineering-people.de<\/a> | <a href=\"http:\/\/www.ep-career.de\">www.ep-career.de<\/a><\/div><\/td>\r\n<\/tr>\r\n<tr>\r\n<td><a href=\"http:\/\/www.hug-berlin.de\/\" target=\"_blank\" rel=\"noopener\"><img loading=\"lazy\" class=\"alignnone\" src=\"http:\/\/www.naoteamhumboldt.de\/wp-content\/uploads\/2011\/02\/HUG.jpg\" alt=\"Humboldt-Universit\u00e4ts-Gesellschaft\" width=\"409\" height=\"139\"\/><\/a><\/td>\r\n<td>Zus\u00e4tzlich zur Unterst\u00fctzung durch den Lehrstuhl <a title=\"Adaptive Systeme\" href=\"http:\/\/adapt.informatik.hu-berlin.de\/\" target=\"_blank\" rel=\"noopener\">Adaptive Systeme<\/a> unter der Leitung von Prof. Dr. Verena Hafner werden wir von der <a title=\"Humboldt-Universit\u00e4ts-Gesellschaft\" href=\"http:\/\/www.hug-berlin.de\/\" target=\"_blank\" rel=\"noopener\">Humboldt-Universit\u00e4ts-Gesellschaft<\/a> unterst\u00fctzt.<\/td>\r\n<\/tr>\r\n<tr>\r\n<td><a href=\"http:\/\/www.humboldtstore.de\/\" target=\"_blank\" rel=\"noopener\"><img loading=\"lazy\" class=\"alignnone\" src=\"http:\/\/www.naoteamhumboldt.de\/wp-content\/uploads\/2011\/02\/HUS.png\" alt=\"Humboldtstore\" width=\"210\" height=\"40\"\/><\/a><\/td>\r\n<td>Der <a title=\"Humboldtstore\" href=\"http:\/\/www.humboldtstore.de\/\" target=\"_blank\" rel=\"noopener\">Humboldtstore<\/a> hat unser Team zudem mit T-Shirts mit dem offiziellen HU-Logo ausgestattet.<\/td>\r\n<\/tr>\r\n<\/tbody>\r\n<\/table>\r\n<strong>Wir sind unseren Sponsoren und Unterst\u00fctzern f\u00fcr ihre Hilfe bedanken. Ohne diese Mitarbeit k\u00f6nnten wir nur schwer ein so motiviertes und zielstrebiges Team zusammen stellen.<\/strong>\r\n<h2 style=\"margin-top: 6ex;\">Wir suchen Sponsoren<\/h2>\r\nUm an RoboCup-Veranstaltungen teilnehmen zu k\u00f6nnen und so wissenschaftliche Fortschritte bez\u00fcglich humanoider Roboter voranzutreiben, ben\u00f6tigen wir Unterst\u00fctzung.\r\nEs entstehen einige Kosten aufgrund von Registrierungsgeb\u00fchren, Transport und \u00dcbernachtungen.\r\nAber auch die Hardware muss man in regelm\u00e4\u00dfigen Abst\u00e4nden erneuern, unter Anderem auch \u00e4ltere Roboter upgraden oder aber einen neuen Roboter anschaffen.\r\nUm mit unseren wissenschaftlichen Arbeiten auch in Zukunft fortfahren zu k\u00f6nnen, suchen wir ab jetzt nach Sponsoren die uns auf der ein oder anderen Weise unterst\u00fctzen k\u00f6nnen.\r\n<h2>Kontakt<\/h2>\r\nHeinrich Mellmann\r\nTel: +49 (30) 2093 3811\r\nE-Mail: nao-team (at) informatik.hu-berlin.de","protected":false},"excerpt":{"rendered":"Die engineering people group ist Engineering- und IT-Partner leistungsf\u00e4higer Industrieunternehmen und Karrierepartner von \u00fcber 450 Mitarbeiter\/-innen an 14 Standorten. F\u00fchrende Hersteller profitieren mit ep \u2013 vor Ort und inhouse in den ep Competence Centern. Weiterbildung, Flexibilit\u00e4t, Wirtschaftlichkeit, Verantwortung und Wertsch\u00e4tzung pr\u00e4gen die ep Philosophie. engineering people. supporting experts. www.engineering-people.de | www.ep-career.de Zus\u00e4tzlich zur Unterst\u00fctzung durch [&hellip;]","protected":false},"author":18,"featured_media":0,"parent":0,"menu_order":26,"comment_status":"closed","ping_status":"closed","template":"","meta":{"ngg_post_thumbnail":0},"_links":{"self":[{"href":"https:\/\/www.naoteamhumboldt.de\/de\/wp-json\/wp\/v2\/pages\/1240"}],"collection":[{"href":"https:\/\/www.naoteamhumboldt.de\/de\/wp-json\/wp\/v2\/pages"}],"about":[{"href":"https:\/\/www.naoteamhumboldt.de\/de\/wp-json\/wp\/v2\/types\/page"}],"author":[{"embeddable":true,"href":"https:\/\/www.naoteamhumboldt.de\/de\/wp-json\/wp\/v2\/users\/18"}],"replies":[{"embeddable":true,"href":"https:\/\/www.naoteamhumboldt.de\/de\/wp-json\/wp\/v2\/comments?post=1240"}],"version-history":[{"count":81,"href":"https:\/\/www.naoteamhumboldt.de\/de\/wp-json\/wp\/v2\/pages\/1240\/revisions"}],"predecessor-version":[{"id":3753,"href":"https:\/\/www.naoteamhumboldt.de\/de\/wp-json\/wp\/v2\/pages\/1240\/revisions\/3753"}],"wp:attachment":[{"href":"https:\/\/www.naoteamhumboldt.de\/de\/wp-json\/wp\/v2\/media?parent=1240"}],"curies":[{"name":"wp","href":"https:\/\/api.w.org\/{rel}","templated":true}]}}